{"id":317183,"date":"2022-07-28T13:47:15","date_gmt":"2022-07-28T11:47:15","guid":{"rendered":"https:\/\/www.balticbrew.com\/pood\/maaratlemata\/lalvin-71b-veiniparm-5-g-2\/"},"modified":"2025-07-16T16:00:03","modified_gmt":"2025-07-16T14:00:03","slug":"lalvin-71b-veiniparm-5-g","status":"publish","type":"product","link":"https:\/\/www.balticbrew.com\/en\/toode\/lalvin-71b-veiniparm-5-g\/","title":{"rendered":"Lalvin 71B veinip\u00e4rm, 5 g"},"content":{"rendered":"<p>GRAPE VARIETY PAIRING: Cabernet Franc, Gew\u00fcrztraminer, Grenache, Pinot Gris, Riesling, Viognier, Zinfandel and Gamay<br \/>\nWINE STYLES: Red, ros\u00e9 and white young, fresh and fruity wine with smooth tannin structure as well as fruit ciders<br \/>\nAROMA: Tropical fruit and banana flavor.<br \/>\nALCOHOL TOLERANCE: Up to 14%<br \/>\nFERMENTATION RANGE: 15-30 \u00b0C<br \/>\nINOCULATION RATE: 0.2-0.4g\/L<\/p>\n","protected":false},"excerpt":{"rendered":"<p>GRAPE VARIETY PAIRING: Cabernet Franc, Gew\u00fcrztraminer, Grenache, Pinot Gris, Riesling, Viognier, Zinfandel and Gamay<br \/>\nWINE STYLES: Red, ros\u00e9 and white young, fresh and fruity wine with smooth tannin structure as well as fruit ciders<br \/>\nAROMA: Tropical fruit and banana flavor.<br \/>\nALCOHOL TOLERANCE: Up to 14%<br \/>\nFERMENTATION RANGE: 15-30 \u00b0C<br \/>\nINOCULATION RATE: 0.2-0.4g\/L<\/p>\n","protected":false},"featured_media":11181064,"template":"","meta":{"_acf_changed":false,"_monsterinsights_skip_tracking":false,"_monsterinsights_sitenote_active":false,"_monsterinsights_sitenote_note":"","_monsterinsights_sitenote_category":0},"product_cat":[1183],"product_tag":[],"class_list":{"0":"post-317183","1":"product","2":"type-product","3":"status-publish","4":"has-post-thumbnail","6":"product_cat-wine-cider-yeasts","7":"tm-has-options","9":"first","10":"instock","11":"taxable","12":"shipping-taxable","13":"purchasable","14":"product-type-simple"},"acf":[],"yoast_head":"<!-- This site is optimized with the Yoast SEO plugin v25.3.1 - https:\/\/yoast.com\/wordpress\/plugins\/seo\/ -->\n<title>Lalvin 71B veinip\u00e4rm, 5 g - Baltic Brew<\/title>\n<meta name=\"robots\" content=\"index, follow, max-snippet:-1, max-image-preview:large, max-video-preview:-1\" \/>\n<link rel=\"canonical\" href=\"https:\/\/www.balticbrew.com\/en\/toode\/lalvin-71b-veiniparm-5-g\/\" \/>\n<meta property=\"og:locale\" content=\"en_US\" \/>\n<meta property=\"og:type\" content=\"article\" \/>\n<meta property=\"og:title\" content=\"Lalvin 71B veinip\u00e4rm, 5 g - Baltic Brew\" \/>\n<meta property=\"og:description\" content=\"GRAPE VARIETY PAIRING: Cabernet Franc, Gew\u00fcrztraminer, Grenache, Pinot Gris, Riesling, Viognier, Zinfandel and Gamay WINE STYLES: Red, ros\u00e9 and white young, fresh and fruity wine with smooth tannin structure as well as fruit ciders AROMA: Tropical fruit and banana flavor. ALCOHOL TOLERANCE: Up to 14% FERMENTATION RANGE: 15-30 \u00b0C INOCULATION RATE: 0.2-0.4g\/L\" \/>\n<meta property=\"og:url\" content=\"https:\/\/www.balticbrew.com\/en\/toode\/lalvin-71b-veiniparm-5-g\/\" \/>\n<meta property=\"og:site_name\" content=\"Baltic Brew\" \/>\n<meta property=\"article:publisher\" content=\"https:\/\/www.facebook.com\/Pruulikeskus\" \/>\n<meta property=\"article:modified_time\" content=\"2025-07-16T14:00:03+00:00\" \/>\n<meta property=\"og:image\" content=\"https:\/\/www.balticbrew.com\/wp-content\/uploads\/2022\/07\/71B-5.jpg\" \/>\n\t<meta property=\"og:image:width\" content=\"800\" \/>\n\t<meta property=\"og:image:height\" content=\"800\" \/>\n\t<meta property=\"og:image:type\" content=\"image\/jpeg\" \/>\n<meta name=\"twitter:card\" content=\"summary_large_image\" \/>\n<script type=\"application\/ld+json\" class=\"yoast-schema-graph\">{\"@context\":\"https:\/\/schema.org\",\"@graph\":[{\"@type\":\"WebPage\",\"@id\":\"https:\/\/www.balticbrew.com\/en\/toode\/lalvin-71b-veiniparm-5-g\/\",\"url\":\"https:\/\/www.balticbrew.com\/en\/toode\/lalvin-71b-veiniparm-5-g\/\",\"name\":\"Lalvin 71B veinip\u00e4rm, 5 g - Baltic Brew\",\"isPartOf\":{\"@id\":\"https:\/\/www.balticbrew.com\/en\/#website\"},\"primaryImageOfPage\":{\"@id\":\"https:\/\/www.balticbrew.com\/en\/toode\/lalvin-71b-veiniparm-5-g\/#primaryimage\"},\"image\":{\"@id\":\"https:\/\/www.balticbrew.com\/en\/toode\/lalvin-71b-veiniparm-5-g\/#primaryimage\"},\"thumbnailUrl\":\"https:\/\/www.balticbrew.com\/wp-content\/uploads\/2022\/07\/71B-5-1.jpg\",\"datePublished\":\"2022-07-28T11:47:15+00:00\",\"dateModified\":\"2025-07-16T14:00:03+00:00\",\"breadcrumb\":{\"@id\":\"https:\/\/www.balticbrew.com\/en\/toode\/lalvin-71b-veiniparm-5-g\/#breadcrumb\"},\"inLanguage\":\"en-US\",\"potentialAction\":[{\"@type\":\"ReadAction\",\"target\":[\"https:\/\/www.balticbrew.com\/en\/toode\/lalvin-71b-veiniparm-5-g\/\"]}]},{\"@type\":\"ImageObject\",\"inLanguage\":\"en-US\",\"@id\":\"https:\/\/www.balticbrew.com\/en\/toode\/lalvin-71b-veiniparm-5-g\/#primaryimage\",\"url\":\"https:\/\/www.balticbrew.com\/wp-content\/uploads\/2022\/07\/71B-5-1.jpg\",\"contentUrl\":\"https:\/\/www.balticbrew.com\/wp-content\/uploads\/2022\/07\/71B-5-1.jpg\",\"width\":800,\"height\":800},{\"@type\":\"BreadcrumbList\",\"@id\":\"https:\/\/www.balticbrew.com\/en\/toode\/lalvin-71b-veiniparm-5-g\/#breadcrumb\",\"itemListElement\":[{\"@type\":\"ListItem\",\"position\":1,\"name\":\"\",\"item\":\"https:\/\/www.balticbrew.com\/en\/?lang=en\"},{\"@type\":\"ListItem\",\"position\":2,\"name\":\"Shop\",\"item\":\"https:\/\/www.balticbrew.com\/shop\/?lang=en\"},{\"@type\":\"ListItem\",\"position\":3,\"name\":\"Lalvin 71B veinip\u00e4rm, 5 g\"}]},{\"@type\":\"WebSite\",\"@id\":\"https:\/\/www.balticbrew.com\/en\/#website\",\"url\":\"https:\/\/www.balticbrew.com\/en\/\",\"name\":\"Baltic Brew\",\"description\":\"\",\"potentialAction\":[{\"@type\":\"SearchAction\",\"target\":{\"@type\":\"EntryPoint\",\"urlTemplate\":\"https:\/\/www.balticbrew.com\/en\/?s={search_term_string}\"},\"query-input\":{\"@type\":\"PropertyValueSpecification\",\"valueRequired\":true,\"valueName\":\"search_term_string\"}}],\"inLanguage\":\"en-US\"}]}<\/script>\n<!-- \/ Yoast SEO plugin. -->","yoast_head_json":{"title":"Lalvin 71B veinip\u00e4rm, 5 g - Baltic Brew","robots":{"index":"index","follow":"follow","max-snippet":"max-snippet:-1","max-image-preview":"max-image-preview:large","max-video-preview":"max-video-preview:-1"},"canonical":"https:\/\/www.balticbrew.com\/en\/toode\/lalvin-71b-veiniparm-5-g\/","og_locale":"en_US","og_type":"article","og_title":"Lalvin 71B veinip\u00e4rm, 5 g - Baltic Brew","og_description":"GRAPE VARIETY PAIRING: Cabernet Franc, Gew\u00fcrztraminer, Grenache, Pinot Gris, Riesling, Viognier, Zinfandel and Gamay WINE STYLES: Red, ros\u00e9 and white young, fresh and fruity wine with smooth tannin structure as well as fruit ciders AROMA: Tropical fruit and banana flavor. ALCOHOL TOLERANCE: Up to 14% FERMENTATION RANGE: 15-30 \u00b0C INOCULATION RATE: 0.2-0.4g\/L","og_url":"https:\/\/www.balticbrew.com\/en\/toode\/lalvin-71b-veiniparm-5-g\/","og_site_name":"Baltic Brew","article_publisher":"https:\/\/www.facebook.com\/Pruulikeskus","article_modified_time":"2025-07-16T14:00:03+00:00","og_image":[{"width":800,"height":800,"url":"https:\/\/www.balticbrew.com\/wp-content\/uploads\/2022\/07\/71B-5.jpg","type":"image\/jpeg"}],"twitter_card":"summary_large_image","schema":{"@context":"https:\/\/schema.org","@graph":[{"@type":"WebPage","@id":"https:\/\/www.balticbrew.com\/en\/toode\/lalvin-71b-veiniparm-5-g\/","url":"https:\/\/www.balticbrew.com\/en\/toode\/lalvin-71b-veiniparm-5-g\/","name":"Lalvin 71B veinip\u00e4rm, 5 g - Baltic Brew","isPartOf":{"@id":"https:\/\/www.balticbrew.com\/en\/#website"},"primaryImageOfPage":{"@id":"https:\/\/www.balticbrew.com\/en\/toode\/lalvin-71b-veiniparm-5-g\/#primaryimage"},"image":{"@id":"https:\/\/www.balticbrew.com\/en\/toode\/lalvin-71b-veiniparm-5-g\/#primaryimage"},"thumbnailUrl":"https:\/\/www.balticbrew.com\/wp-content\/uploads\/2022\/07\/71B-5-1.jpg","datePublished":"2022-07-28T11:47:15+00:00","dateModified":"2025-07-16T14:00:03+00:00","breadcrumb":{"@id":"https:\/\/www.balticbrew.com\/en\/toode\/lalvin-71b-veiniparm-5-g\/#breadcrumb"},"inLanguage":"en-US","potentialAction":[{"@type":"ReadAction","target":["https:\/\/www.balticbrew.com\/en\/toode\/lalvin-71b-veiniparm-5-g\/"]}]},{"@type":"ImageObject","inLanguage":"en-US","@id":"https:\/\/www.balticbrew.com\/en\/toode\/lalvin-71b-veiniparm-5-g\/#primaryimage","url":"https:\/\/www.balticbrew.com\/wp-content\/uploads\/2022\/07\/71B-5-1.jpg","contentUrl":"https:\/\/www.balticbrew.com\/wp-content\/uploads\/2022\/07\/71B-5-1.jpg","width":800,"height":800},{"@type":"BreadcrumbList","@id":"https:\/\/www.balticbrew.com\/en\/toode\/lalvin-71b-veiniparm-5-g\/#breadcrumb","itemListElement":[{"@type":"ListItem","position":1,"name":"","item":"https:\/\/www.balticbrew.com\/en\/?lang=en"},{"@type":"ListItem","position":2,"name":"Shop","item":"https:\/\/www.balticbrew.com\/shop\/?lang=en"},{"@type":"ListItem","position":3,"name":"Lalvin 71B veinip\u00e4rm, 5 g"}]},{"@type":"WebSite","@id":"https:\/\/www.balticbrew.com\/en\/#website","url":"https:\/\/www.balticbrew.com\/en\/","name":"Baltic Brew","description":"","potentialAction":[{"@type":"SearchAction","target":{"@type":"EntryPoint","urlTemplate":"https:\/\/www.balticbrew.com\/en\/?s={search_term_string}"},"query-input":{"@type":"PropertyValueSpecification","valueRequired":true,"valueName":"search_term_string"}}],"inLanguage":"en-US"}]}},"_links":{"self":[{"href":"https:\/\/www.balticbrew.com\/en\/wp-json\/wp\/v2\/product\/317183"}],"collection":[{"href":"https:\/\/www.balticbrew.com\/en\/wp-json\/wp\/v2\/product"}],"about":[{"href":"https:\/\/www.balticbrew.com\/en\/wp-json\/wp\/v2\/types\/product"}],"version-history":[{"count":2,"href":"https:\/\/www.balticbrew.com\/en\/wp-json\/wp\/v2\/product\/317183\/revisions"}],"predecessor-version":[{"id":10641056,"href":"https:\/\/www.balticbrew.com\/en\/wp-json\/wp\/v2\/product\/317183\/revisions\/10641056"}],"wp:featuredmedia":[{"embeddable":true,"href":"https:\/\/www.balticbrew.com\/en\/wp-json\/wp\/v2\/media\/11181064"}],"wp:attachment":[{"href":"https:\/\/www.balticbrew.com\/en\/wp-json\/wp\/v2\/media?parent=317183"}],"wp:term":[{"taxonomy":"product_cat","embeddable":true,"href":"https:\/\/www.balticbrew.com\/en\/wp-json\/wp\/v2\/product_cat?post=317183"},{"taxonomy":"product_tag","embeddable":true,"href":"https:\/\/www.balticbrew.com\/en\/wp-json\/wp\/v2\/product_tag?post=317183"}],"curies":[{"name":"wp","href":"https:\/\/api.w.org\/{rel}","templated":true}]}}