{"id":7010332,"date":"2020-03-16T15:38:46","date_gmt":"2020-03-16T13:38:46","guid":{"rendered":"https:\/\/www.balticbrew.com\/kontakt\/"},"modified":"2023-11-15T12:22:00","modified_gmt":"2023-11-15T10:22:00","slug":"contact","status":"publish","type":"page","link":"https:\/\/www.balticbrew.com\/en\/contact\/","title":{"rendered":"Contact"},"content":{"rendered":"\t\t<div data-elementor-type=\"wp-page\" data-elementor-id=\"7010332\" class=\"elementor elementor-7010332 elementor-32258\" data-elementor-post-type=\"page\">\n\t\t\t\t<div class=\"elementor-element elementor-element-0f69736 e-flex e-con-boxed e-con e-parent\" data-id=\"0f69736\" data-element_type=\"container\" data-settings=\"{&quot;ekit_has_onepagescroll_dot&quot;:&quot;yes&quot;}\">\n\t\t\t\t\t<div class=\"e-con-inner\">\n\t\t<div class=\"elementor-element elementor-element-0a889e6 e-con-full e-flex e-con e-child\" data-id=\"0a889e6\" data-element_type=\"container\" data-settings=\"{&quot;ekit_has_onepagescroll_dot&quot;:&quot;yes&quot;}\">\n\t\t\t\t<div class=\"elementor-element elementor-element-8067387 elementor-widget elementor-widget-heading\" data-id=\"8067387\" data-element_type=\"widget\" data-settings=\"{&quot;ekit_we_effect_on&quot;:&quot;none&quot;}\" data-widget_type=\"heading.default\">\n\t\t\t\t<div class=\"elementor-widget-container\">\n\t\t\t\t\t<h1 class=\"elementor-heading-title elementor-size-default\">Contact<\/h1>\t\t\t\t<\/div>\n\t\t\t\t<\/div>\n\t\t\t\t<\/div>\n\t\t<div class=\"elementor-element elementor-element-e03808d e-con-full e-flex e-con e-child\" data-id=\"e03808d\" data-element_type=\"container\" data-settings=\"{&quot;ekit_has_onepagescroll_dot&quot;:&quot;yes&quot;}\">\n\t\t\t\t<div class=\"elementor-element elementor-element-ccca8b1 elementor-widget elementor-widget-text-editor\" data-id=\"ccca8b1\" data-element_type=\"widget\" data-settings=\"{&quot;ekit_we_effect_on&quot;:&quot;none&quot;}\" data-widget_type=\"text-editor.default\">\n\t\t\t\t<div class=\"elementor-widget-container\">\n\t\t\t\t\t\t\t\t\t<h2>Tartu shop<\/h2><p>Riia 130 \/ 3, Tartu, 51014<br \/>Tel. +372 5552 6554<br \/>pood@pruulikeskus.ee<\/p><p>Open:<br \/>Mon-Fri 12-18<br \/>Sun, Sat closed<\/p>\t\t\t\t\t\t\t\t<\/div>\n\t\t\t\t<\/div>\n\t\t\t\t<div class=\"elementor-element elementor-element-880c3bd elementor-widget elementor-widget-text-editor\" data-id=\"880c3bd\" data-element_type=\"widget\" data-settings=\"{&quot;ekit_we_effect_on&quot;:&quot;none&quot;}\" data-widget_type=\"text-editor.default\">\n\t\t\t\t<div class=\"elementor-widget-container\">\n\t\t\t\t\t\t\t\t\t<p><strong>Pruulikeskus O\u00dc<br \/>IBAN:<\/strong>\u00a0EE851010220223980227<br \/><strong>Legal address:<\/strong><br \/>K\u00fc\u00fcnre, P\u00fchaste k\u00fcla,<br \/>Elva vald, Tartumaa 67215<br \/>reg.nr. 12542812<br \/>KMKR: EE101666770<\/p>\t\t\t\t\t\t\t\t<\/div>\n\t\t\t\t<\/div>\n\t\t\t\t<\/div>\n\t\t<div class=\"elementor-element elementor-element-07b6c3a e-con-full e-flex e-con e-child\" data-id=\"07b6c3a\" data-element_type=\"container\" data-settings=\"{&quot;ekit_has_onepagescroll_dot&quot;:&quot;yes&quot;}\">\n\t\t\t\t<div class=\"elementor-element elementor-element-60e96d9 elementor-widget elementor-widget-google_maps\" data-id=\"60e96d9\" data-element_type=\"widget\" data-settings=\"{&quot;ekit_we_effect_on&quot;:&quot;none&quot;}\" data-widget_type=\"google_maps.default\">\n\t\t\t\t<div class=\"elementor-widget-container\">\n\t\t\t\t\t\t\t<div class=\"elementor-custom-embed\">\n\t\t\t<iframe loading=\"lazy\"\n\t\t\t\t\tsrc=\"https:\/\/maps.google.com\/maps?q=58.359036%2026.689330&#038;t=m&#038;z=18&#038;output=embed&#038;iwloc=near\"\n\t\t\t\t\ttitle=\"58.359036 26.689330\"\n\t\t\t\t\taria-label=\"58.359036 26.689330\"\n\t\t\t><\/iframe>\n\t\t<\/div>\n\t\t\t\t\t\t<\/div>\n\t\t\t\t<\/div>\n\t\t\t\t<\/div>\n\t\t\t\t\t<\/div>\n\t\t\t\t<\/div>\n\t\t<div class=\"elementor-element elementor-element-fccfc4c e-flex e-con-boxed e-con e-parent\" data-id=\"fccfc4c\" data-element_type=\"container\" data-settings=\"{&quot;ekit_has_onepagescroll_dot&quot;:&quot;yes&quot;}\">\n\t\t\t\t\t<div class=\"e-con-inner\">\n\t\t<div class=\"elementor-element elementor-element-8c9e000 e-con-full e-flex e-con e-child\" data-id=\"8c9e000\" data-element_type=\"container\" data-settings=\"{&quot;ekit_has_onepagescroll_dot&quot;:&quot;yes&quot;}\">\n\t\t\t\t<\/div>\n\t\t<div class=\"elementor-element elementor-element-b80636c e-con-full e-flex e-con e-child\" data-id=\"b80636c\" data-element_type=\"container\" data-settings=\"{&quot;ekit_has_onepagescroll_dot&quot;:&quot;yes&quot;}\">\n\t\t\t\t<\/div>\n\t\t\t\t\t<\/div>\n\t\t\t\t<\/div>\n\t\t\t\t<\/div>\n\t\t","protected":false},"excerpt":{"rendered":"<p>Contact Tartu shop Riia 130 \/ 3, Tartu, 51014Tel. +372 5552 6554pood@pruulikeskus.ee Open:Mon-Fri 12-18Sun, Sat closed Pruulikeskus O\u00dcIBAN:\u00a0EE851010220223980227Legal address:K\u00fc\u00fcnre, P\u00fchaste k\u00fcla,Elva vald, Tartumaa 67215reg.nr. 12542812KMKR: EE101666770<\/p>\n","protected":false},"author":1,"featured_media":0,"parent":0,"menu_order":0,"comment_status":"closed","ping_status":"closed","template":"","meta":{"_acf_changed":false,"_monsterinsights_skip_tracking":false,"_monsterinsights_sitenote_active":false,"_monsterinsights_sitenote_note":"","_monsterinsights_sitenote_category":0,"footnotes":""},"class_list":["post-7010332","page","type-page","status-publish","hentry"],"acf":[],"yoast_head":"<!-- This site is optimized with the Yoast SEO plugin v25.3.1 - https:\/\/yoast.com\/wordpress\/plugins\/seo\/ -->\n<title>Contact - Baltic Brew<\/title>\n<meta name=\"robots\" content=\"index, follow, max-snippet:-1, max-image-preview:large, max-video-preview:-1\" \/>\n<link rel=\"canonical\" href=\"https:\/\/www.balticbrew.com\/en\/contact\/\" \/>\n<meta property=\"og:locale\" content=\"en_US\" \/>\n<meta property=\"og:type\" content=\"article\" \/>\n<meta property=\"og:title\" content=\"Contact - Baltic Brew\" \/>\n<meta property=\"og:description\" content=\"Contact Tartu shop Riia 130 \/ 3, Tartu, 51014Tel. +372 5552 6554pood@pruulikeskus.ee Open:Mon-Fri 12-18Sun, Sat closed Pruulikeskus O\u00dcIBAN:\u00a0EE851010220223980227Legal address:K\u00fc\u00fcnre, P\u00fchaste k\u00fcla,Elva vald, Tartumaa 67215reg.nr. 12542812KMKR: EE101666770\" \/>\n<meta property=\"og:url\" content=\"https:\/\/www.balticbrew.com\/en\/contact\/\" \/>\n<meta property=\"og:site_name\" content=\"Baltic Brew\" \/>\n<meta property=\"article:publisher\" content=\"https:\/\/www.facebook.com\/Pruulikeskus\" \/>\n<meta property=\"article:modified_time\" content=\"2023-11-15T10:22:00+00:00\" \/>\n<meta name=\"twitter:card\" content=\"summary_large_image\" \/>\n<meta name=\"twitter:label1\" content=\"Est. reading time\" \/>\n\t<meta name=\"twitter:data1\" content=\"1 minute\" \/>\n<script type=\"application\/ld+json\" class=\"yoast-schema-graph\">{\"@context\":\"https:\/\/schema.org\",\"@graph\":[{\"@type\":\"WebPage\",\"@id\":\"https:\/\/www.balticbrew.com\/en\/contact\/\",\"url\":\"https:\/\/www.balticbrew.com\/en\/contact\/\",\"name\":\"Contact - Baltic Brew\",\"isPartOf\":{\"@id\":\"https:\/\/www.balticbrew.com\/en\/#website\"},\"datePublished\":\"2020-03-16T13:38:46+00:00\",\"dateModified\":\"2023-11-15T10:22:00+00:00\",\"breadcrumb\":{\"@id\":\"https:\/\/www.balticbrew.com\/en\/contact\/#breadcrumb\"},\"inLanguage\":\"en-US\",\"potentialAction\":[{\"@type\":\"ReadAction\",\"target\":[\"https:\/\/www.balticbrew.com\/en\/contact\/\"]}]},{\"@type\":\"BreadcrumbList\",\"@id\":\"https:\/\/www.balticbrew.com\/en\/contact\/#breadcrumb\",\"itemListElement\":[{\"@type\":\"ListItem\",\"position\":1,\"name\":\"\",\"item\":\"https:\/\/www.balticbrew.com\/en\/?lang=en\"},{\"@type\":\"ListItem\",\"position\":2,\"name\":\"Contact\"}]},{\"@type\":\"WebSite\",\"@id\":\"https:\/\/www.balticbrew.com\/en\/#website\",\"url\":\"https:\/\/www.balticbrew.com\/en\/\",\"name\":\"Baltic Brew\",\"description\":\"\",\"potentialAction\":[{\"@type\":\"SearchAction\",\"target\":{\"@type\":\"EntryPoint\",\"urlTemplate\":\"https:\/\/www.balticbrew.com\/en\/?s={search_term_string}\"},\"query-input\":{\"@type\":\"PropertyValueSpecification\",\"valueRequired\":true,\"valueName\":\"search_term_string\"}}],\"inLanguage\":\"en-US\"}]}<\/script>\n<!-- \/ Yoast SEO plugin. -->","yoast_head_json":{"title":"Contact - Baltic Brew","robots":{"index":"index","follow":"follow","max-snippet":"max-snippet:-1","max-image-preview":"max-image-preview:large","max-video-preview":"max-video-preview:-1"},"canonical":"https:\/\/www.balticbrew.com\/en\/contact\/","og_locale":"en_US","og_type":"article","og_title":"Contact - Baltic Brew","og_description":"Contact Tartu shop Riia 130 \/ 3, Tartu, 51014Tel. +372 5552 6554pood@pruulikeskus.ee Open:Mon-Fri 12-18Sun, Sat closed Pruulikeskus O\u00dcIBAN:\u00a0EE851010220223980227Legal address:K\u00fc\u00fcnre, P\u00fchaste k\u00fcla,Elva vald, Tartumaa 67215reg.nr. 12542812KMKR: EE101666770","og_url":"https:\/\/www.balticbrew.com\/en\/contact\/","og_site_name":"Baltic Brew","article_publisher":"https:\/\/www.facebook.com\/Pruulikeskus","article_modified_time":"2023-11-15T10:22:00+00:00","twitter_card":"summary_large_image","twitter_misc":{"Est. reading time":"1 minute"},"schema":{"@context":"https:\/\/schema.org","@graph":[{"@type":"WebPage","@id":"https:\/\/www.balticbrew.com\/en\/contact\/","url":"https:\/\/www.balticbrew.com\/en\/contact\/","name":"Contact - Baltic Brew","isPartOf":{"@id":"https:\/\/www.balticbrew.com\/en\/#website"},"datePublished":"2020-03-16T13:38:46+00:00","dateModified":"2023-11-15T10:22:00+00:00","breadcrumb":{"@id":"https:\/\/www.balticbrew.com\/en\/contact\/#breadcrumb"},"inLanguage":"en-US","potentialAction":[{"@type":"ReadAction","target":["https:\/\/www.balticbrew.com\/en\/contact\/"]}]},{"@type":"BreadcrumbList","@id":"https:\/\/www.balticbrew.com\/en\/contact\/#breadcrumb","itemListElement":[{"@type":"ListItem","position":1,"name":"","item":"https:\/\/www.balticbrew.com\/en\/?lang=en"},{"@type":"ListItem","position":2,"name":"Contact"}]},{"@type":"WebSite","@id":"https:\/\/www.balticbrew.com\/en\/#website","url":"https:\/\/www.balticbrew.com\/en\/","name":"Baltic Brew","description":"","potentialAction":[{"@type":"SearchAction","target":{"@type":"EntryPoint","urlTemplate":"https:\/\/www.balticbrew.com\/en\/?s={search_term_string}"},"query-input":{"@type":"PropertyValueSpecification","valueRequired":true,"valueName":"search_term_string"}}],"inLanguage":"en-US"}]}},"_links":{"self":[{"href":"https:\/\/www.balticbrew.com\/en\/wp-json\/wp\/v2\/pages\/7010332"}],"collection":[{"href":"https:\/\/www.balticbrew.com\/en\/wp-json\/wp\/v2\/pages"}],"about":[{"href":"https:\/\/www.balticbrew.com\/en\/wp-json\/wp\/v2\/types\/page"}],"author":[{"embeddable":true,"href":"https:\/\/www.balticbrew.com\/en\/wp-json\/wp\/v2\/users\/1"}],"replies":[{"embeddable":true,"href":"https:\/\/www.balticbrew.com\/en\/wp-json\/wp\/v2\/comments?post=7010332"}],"version-history":[{"count":4,"href":"https:\/\/www.balticbrew.com\/en\/wp-json\/wp\/v2\/pages\/7010332\/revisions"}],"predecessor-version":[{"id":7010414,"href":"https:\/\/www.balticbrew.com\/en\/wp-json\/wp\/v2\/pages\/7010332\/revisions\/7010414"}],"wp:attachment":[{"href":"https:\/\/www.balticbrew.com\/en\/wp-json\/wp\/v2\/media?parent=7010332"}],"curies":[{"name":"wp","href":"https:\/\/api.w.org\/{rel}","templated":true}]}}