{"id":468676,"date":"2018-11-08T21:22:37","date_gmt":"2018-11-08T19:22:37","guid":{"rendered":"https:\/\/www.balticbrew.com\/myygitingimused\/"},"modified":"2023-11-17T08:45:47","modified_gmt":"2023-11-17T06:45:47","slug":"myygitingimused","status":"publish","type":"page","link":"https:\/\/www.balticbrew.com\/en\/myygitingimused\/","title":{"rendered":"M\u00fc\u00fcgitingimused"},"content":{"rendered":"\t\t<div data-elementor-type=\"wp-page\" data-elementor-id=\"468676\" class=\"elementor elementor-468676 elementor-3\" data-elementor-post-type=\"page\">\n\t\t\t\t\t\t<section class=\"elementor-section elementor-top-section elementor-element elementor-element-1506e877 elementor-section-boxed elementor-section-height-default elementor-section-height-default\" data-id=\"1506e877\" data-element_type=\"section\" data-settings=\"{&quot;ekit_has_onepagescroll_dot&quot;:&quot;yes&quot;}\">\n\t\t\t\t\t\t<div class=\"elementor-container elementor-column-gap-default\">\n\t\t\t\t\t<div class=\"elementor-column elementor-col-100 elementor-top-column elementor-element elementor-element-76ef2c80\" data-id=\"76ef2c80\" data-element_type=\"column\">\n\t\t\t<div class=\"elementor-widget-wrap elementor-element-populated\">\n\t\t\t\t\t\t<div class=\"elementor-element elementor-element-b059eba elementor-widget elementor-widget-heading\" data-id=\"b059eba\" data-element_type=\"widget\" data-settings=\"{&quot;ekit_we_effect_on&quot;:&quot;none&quot;}\" data-widget_type=\"heading.default\">\n\t\t\t\t<div class=\"elementor-widget-container\">\n\t\t\t\t\t<h1 class=\"elementor-heading-title elementor-size-default\">M\u00fc\u00fcgitingimused<\/h1>\t\t\t\t<\/div>\n\t\t\t\t<\/div>\n\t\t\t\t<div class=\"elementor-element elementor-element-1f252252 elementor-widget elementor-widget-text-editor\" data-id=\"1f252252\" data-element_type=\"widget\" data-settings=\"{&quot;ekit_we_effect_on&quot;:&quot;none&quot;}\" data-widget_type=\"text-editor.default\">\n\t\t\t\t<div class=\"elementor-widget-container\">\n\t\t\t\t\t\t\t\t\t<h3>1. \u00dcldtingimused<\/h3>\n<p>1.1. K\u00e4esolevad M\u00fc\u00fcgitingimused kehtivad Pruulikeskus O\u00dc-le (edaspidi \u201eM\u00fc\u00fcja\u201c) kuuluvast balticbrew.com e-poest (edaspidi \u201eInternetikeskkond\u201c) tehtud tellimustele, millega s\u00f5lmitakse m\u00fc\u00fcgitehing M\u00fc\u00fcja ja kaupa telliva isiku (edaspidi \u201eOstja\u201c) vahel.<\/p>\n<h3>2. M\u00fc\u00fcgitehingu j\u00f5ustumine<\/h3>\n<p>2.1. Internetikeskkonnast tellimuse vormistamisega kinnitab Ostja, et ta on tutvunud k\u00e4esolevate m\u00fc\u00fcgitingimustega ja n\u00f5ustub nendega. M\u00fc\u00fcja &nbsp;omapoolsest n\u00f5ustumisest Ostjat eraldi ei teavita. M\u00fc\u00fcja loetakse tellimusega n\u00f5ustunuks, kui ta asub tellimust t\u00e4itma.<\/p>\n<p>2.1. M\u00fc\u00fcgileping j\u00f5ustub hetkest kui tellimuse kogusumma on laekunud M\u00fc\u00fcja arveldusarvele.<\/p>\n<h3>3. Toodete hinnad<\/h3>\n<p>3.1. K\u00f5ik hinnad on toodud eurodes ning sisaldavad k\u00e4ibemaksu 20%.<\/p>\n<p>3.2. Hinnale lisandub kohaletoimetamistasu vastavalt tellimuse vormistamise k\u00e4igus valitud tarneviisile v\u00f5i pooltevaheliste l\u00e4bir\u00e4\u00e4kimiste k\u00e4igus pakutud transpordihinnale.<\/p>\n<p>3.3. M\u00fc\u00fcja j\u00e4tab endale \u00f5iguse korrigeerida hindu. Kui Ostja edastas oma tellimuse enne hinna muudatuste j\u00f5ustumist, siis tema jaoks kehtib hind, mis oli Internetikeskkonnas kajastatud tellimuse vormistamise momendil.<\/p>\n<p>3.4. Kui toote hind on M\u00fc\u00fcja poolt ekslikult sisestatud ning sellest teavitatakse Ostjat enne v\u00f5i peale Ostja poolse tellimuse esitamist ja M\u00fc\u00fcja ning Ostja ei j\u00f5ua uues hinnas kokkuleppele on M\u00fc\u00fcjal \u00f5igus m\u00fc\u00fcgitehingust taganeda, Ostja tellimus t\u00fchistada ja tellimuse eest tasutud summa tagastada.<\/p>\n<h3>4. Tasumine<\/h3>\n<p>4.1. Toodete eest tasumine toimub ettemaksu v\u00f5i pangalingi alusel.&nbsp; Ostjale saadetakse tellimuse kinnitus ja arve e-postiga. Ettemaksuarve&nbsp;alusel teeb Ostja \u00fclekande M\u00fc\u00fcja arveldusarvele.<\/p>\n<p>4.2. \u00dclekandearve makset\u00e4htajaks on 3&nbsp;t\u00f6\u00f6p\u00e4eva alates tellimuse kinnitusel n\u00e4idatud kuup\u00e4evast. Juhul, kui raha ei laeku makset\u00e4htaja jooksul M\u00fc\u00fcja kontole, siis tellimus t\u00fchistatakse.<\/p>\n<h3>5. Tarneaeg ja transport<\/h3>\n<p>5.1. Kauba kohale toimetamiseks kasutab M\u00fc\u00fcja lepingulisi partnereid.<\/p>\n<p>5.2. Tellimuse vormistamisel saab Ostja valida endale sobiva M\u00fc\u00fcja poolse lepingupartneri kauba transpordiks.<\/p>\n<p>5.3. Tellimus komplekteeritakse ning postitatakse 2 t\u00f6\u00f6p\u00e4eva jooksul &nbsp;arvates tellimuse eest tasutud summa laekumisest M\u00fc\u00fcja arveldusarvele.<\/p>\n<p>5.4 Tasuta tarne kehtib kaubale kuni 30kg.<\/p>\n<h3>6. Toodete tagastamine<\/h3>\n<p>6.1. Ostjal (v.a. juriidilised isikud) on \u00f5igus Internetikeskkonnas s\u00f5lmitud m\u00fc\u00fcgitehingust taganeda 14 p\u00e4eva jooksul alates toodete k\u00e4ttesaamise p\u00e4evast.<\/p>\n<p>6.2. Tellija poolt tagastatav toode v\u00f5i kaup peab tagastamisel olema samas olukorras, komplektsuses (sh toote algne m\u00fc\u00fcgipakend, etikett) kui paki k\u00e4tte saamise hetkel. Tagastatav kaup peab olema kahjustamata, t\u00e4iskomplektis, siltidega ning kasutamata.<\/p>\n<p>6.3. Enne kauba tagastamist peab Ostja saatma tagastamisavalduse kirjalikult aadressile shop@balticbrew.com. Tagastamisavalduses peab olema kirjas tagastamise p\u00f5hjus.<\/p>\n<p>6.4. Kauba tagastamisel on Ostja kohustatud toimetama tagastatava kauba M\u00fc\u00fcjale 30 (kolmek\u00fcmne) p\u00e4eva jooksul alates tellimuse taganemisest ja toote tagastamiseavalduse M\u00fc\u00fcjani j\u00f5udmisest. Tagastamisega seotud kulud summas kuni 10\u20ac (k\u00fcmme eurot) tasub Ostja (v.a. juhul, kui \u00fcleantud asi ei vasta tellitule v\u00f5i tootel ilmnevad puudused).<\/p>\n<p>6.5. Toote tagastamise korral kannab M\u00fc\u00fcja toote eest tasutud summa samale pangakontole, millelt vastav makse M\u00fc\u00fcjale laekus 30 (kolmek\u00fcmne) p\u00e4eva jooksul alates tagastatava toote j\u00f5udmisest M\u00fc\u00fcjani.<\/p>\n<p>6.6. 14-p\u00e4evane tagastamis\u00f5igus ei kehti&nbsp; asjadele, mida oma olemuse t\u00f5ttu ei saa tagastada.<\/p>\n<h3>7. Vastutus ja v\u00e4\u00e4ramatud j\u00f5ud<\/h3>\n<p>7.1. M\u00fc\u00fcja ja Ostja vastutavad teineteise ees k\u00e4esolevate tingimuste rikkumisega teisele poole tekitatud kahju eest Eesti Vabariigis kehtivates \u00f5igusaktides s\u00e4testatud juhtudel ja ulatuses.<\/p>\n<p>7.2. M\u00fc\u00fcja ei vastuta Ostjale tekitatud kahjude eest v\u00f5i toote kohaletoimetamise viibimise eest juhul, kui kahju v\u00f5i toote kohaletoomise viibimine on tingitud asjaolust, mida M\u00fc\u00fcja ei saanud m\u00f5jutada, ei n\u00e4inud ette ega v\u00f5inud ette n\u00e4ha (v\u00e4\u00e4ramatu j\u00f5ud).<\/p>\n<p>7.3. Juhul, kui tellitud kaup on defektne, ostab M\u00fc\u00fcja kauba tagasi vastavalt kauba eest tasutud tegelikule v\u00e4\u00e4rtusele.&nbsp; Ostja teavitab defektse kauba saamisest M\u00fc\u00fcjat viivitamatult, saates vastavasisulise e-kirja aadressile shop@balticbrew.com.<\/p>\n<h3>8. M\u00fc\u00fcja \u00f5igus m\u00fc\u00fcgitehingust taganeda<\/h3>\n<p>8.1. M\u00fc\u00fcjal on \u00f5igus tellimuse alusel m\u00fc\u00fcgitehingust taganeda juhul, kui tellitud kauba varud on laost otsa saanud. M\u00fc\u00fcja informeerib Ostjat nimetatud juhtumist esimesel v\u00f5imalusel e-kirja teel. Juhul, kui Ostja on tasunud m\u00fc\u00fcgitehingu hinna ja M\u00fc\u00fcjal ei ole v\u00f5imalik tellimust t\u00e4ita, kuna soovitud kaupa laos ei ole, tagastab M\u00fc\u00fcja&nbsp; tellimuse eest tasutud summa hiljemalt 2 t\u00f6\u00f6p\u00e4eva jooksul Ostja arveldusarvele.<\/p>\n<h3>9. Kasutaja isikuandmete kogumine ja t\u00f6\u00f6tlemine<\/h3>\n<p>9.1. Isikuandmed, mis on Ostja poolt sisestatud Internetikeskkonna registreerimisvormil tellimuse tegemiseks, on konfidentsiaalsed ja ei kuulu avaldamisele kolmandatele isikutele, v\u00e4lja arvatud Eesti Vabariigi seadusandluses etten\u00e4htud juhtudel ja koost\u00f6\u00f6partneritele tellimuste kohaletoimetamiseks.<\/p>\n<p>9.2. Andmeid kasutatakse tellimuste t\u00e4itmiseks ja Ostjaga suhtlemiseks.<\/p>\n<h3>10. M\u00fc\u00fcgitingimuste muutmine<\/h3>\n<p>10.1.&nbsp;M\u00fc\u00fcjal on igal ajal \u00f5igus \u00fchepoolselt Internetikeskkonna ja teenuste arengust tulenevalt Internetikeskkonda ja M\u00fc\u00fcgitingimusi \u00fchepoolselt muuta ning t\u00e4iendada, sh Internetikeskkond l\u00f5petada.<\/p>\n<p>10.2. M\u00fc\u00fcja kohustub teavitama Kasutajat M\u00fc\u00fcgitingimuste muudatustest ja t\u00e4iendustest Internetikeskkonnas avaldatavate vastavate teadete kaudu.<\/p>\n<p>10.3. M\u00fc\u00fcgitingimuste muudatused ning t\u00e4iendused j\u00f5ustuvad vastava muudatuse v\u00f5i t\u00e4ienduse avaldamisest Internetikeskkonnas ja Kasutaja poolt nendega Internetikeskkonnas n\u00f5ustumise kinnitamisest.<\/p>\n<h3>11. Muud tingimused<\/h3>\n<p>11.1. Internetikeskkonnas registreerimise ja ostude sooritamise k\u00e4igus s\u00e4ilitab M\u00fc\u00fcja Ostja kohta tema poolt sisestatud kontaktandmed (ees- ja perekonnanimi, telefoninumber, tava- ja e-posti aadressid) ja teabe sooritatud ostude kohta. Saadud andmeid k\u00e4sitletakse kui konfidentsiaalset infot ja t\u00f6\u00f6deldakse koosk\u00f5las isikuandmete kaitse seadusega kauba sisseostu parimaks planeerimiseks, ostuharjumuste anal\u00fc\u00fcsiks ning anal\u00fc\u00fcsi tulemusel Ostjale sobivate pakkumiste tegemiseks. M\u00fc\u00fcja ei avalda temale teatavaks saanud Ostja isikuandmeid kolmandale osapoolele.<\/p>\n<p>11.2.&nbsp;Ostja ja M\u00fc\u00fcja vahel seoses Internetikeskkonna vahendusel toodete tellimise ja ostmisega tekkinud vaidlused lahendatakse l\u00e4bir\u00e4\u00e4kimiste teel. Kokkuleppe mittesaavutamisel on Ostjal \u00f5igus p\u00f6\u00f6rduda oma \u00f5iguste kaitseks Tarbijakaitseametisse v\u00f5i kohtusse. Vaidluste ning k\u00e4esolevates tingimustes mitte v\u00e4lja toodud k\u00fcsimuste lahendamisel l\u00e4htutakse Eesti Vabariigis kehtivatest \u00f5igusaktidest.<\/p>\n<h3>12. Kinkekaardid<\/h3>\n<p>12. 1. Kinkekaarti saab kasutada balticbrew.com veebiaadressil olevas e-poes ja M\u00fc\u00fcja kauplustes ainult kaupade eest tasumiseks.<\/p>\n<p>12.2. Kinkekaarti saad kasutada sellel toodud unikaalse koodi abil, mida on v\u00f5imalik kasutada vaid \u00fche korra.<\/p>\n<p>12.3. Kinkekaardi unikaalset koodi tuleb hoida hoolikalt, et see ei satuks soovimatult kolmandate isikute k\u00e4tte.<\/p>\n<p>12.4. M\u00fc\u00fcja ei vastuta kinkekaardi unikaalse koodi kolmandate isikute k\u00e4tte sattumisega<\/p>\n<p>12.5. kaasnevate mistahes kahjude eest.<\/p>\n<p>12.6. Kinkekaart kehtib vaid sellel m\u00e4rgitud t\u00e4htajani. Kehtivusaja \u00fcletanud ning kasutamata kinkekaarti M\u00fc\u00fcja&nbsp;ei h\u00fcvita.<\/p>\n<p>12.7. Kinkekaart ei ole vahetatav raha vastu, M\u00fc\u00fcja&nbsp;ei osta seda tagasi ega vaheta \u00fcmber.&nbsp;Kui soovitud kaupade maksumus on v\u00e4iksem kinkekaardi v\u00e4\u00e4rtusest, siis vaheraha ei tagastata. Samuti ei saa kinkekaarti kasutada kaupade eest tasumiseks mitmes osas.&nbsp;Kui soovitud kaupade maksumus \u00fcletab kinkekaardi v\u00e4\u00e4rtuse, saab&nbsp;puuduj\u00e4\u00e4va osa tasuda teiste M\u00fc\u00fcja poolt aktsepteeritavate maksevahenditega valides sobiva maksevahendi ostu sooritamise hetkel.<\/p>\n<p>12.8. Kinkekaarti ei saa osta finantseerimislepingute alusel.<\/p>\n<p>12.9. Kinkekaardi ostmisel&nbsp;E-poest on tarbijal \u00f5igus taganeda m\u00fc\u00fcgilepingust 14 p\u00e4eva jooksul alates kinkekaardi k\u00e4ttesaamise p\u00e4evast (E-poest kinkekaardi ostmise korral alates p\u00e4evast, mil M\u00fc\u00fcja saatis kinkekaardi soovitud e-positi aadressile). Tehingust ei saa taganeda, kui kinkekaardil toodud unikaalset koodi on juba kasutatud.<\/p>\n<p>12.10. Kinkekaardi kasutamise tingimusi on M\u00fc\u00fcja \u00f5igus muuta avaldades vastavasisulise info 14 p\u00e4evase etteteatamisega kodulehel&nbsp;balticbrew.com<\/p>\n<p>12.11. E-poes kinkekaardiga ostu sooritamisel ilmnevate probleemide korral v\u00f5ta \u00fchendust &nbsp;kontakti lehel olevate rekvisiitide kaudu.<\/p>\t\t\t\t\t\t\t\t<\/div>\n\t\t\t\t<\/div>\n\t\t\t\t\t<\/div>\n\t\t<\/div>\n\t\t\t\t\t<\/div>\n\t\t<\/section>\n\t\t\t\t<\/div>\n\t\t","protected":false},"excerpt":{"rendered":"<p>M\u00fc\u00fcgitingimused 1. \u00dcldtingimused 1.1. K\u00e4esolevad M\u00fc\u00fcgitingimused kehtivad Pruulikeskus O\u00dc-le (edaspidi \u201eM\u00fc\u00fcja\u201c) kuuluvast balticbrew.com e-poest (edaspidi \u201eInternetikeskkond\u201c) tehtud tellimustele, millega s\u00f5lmitakse m\u00fc\u00fcgitehing M\u00fc\u00fcja ja kaupa telliva isiku (edaspidi \u201eOstja\u201c) vahel. 2. M\u00fc\u00fcgitehingu j\u00f5ustumine 2.1. Internetikeskkonnast tellimuse vormistamisega kinnitab Ostja, et ta on tutvunud k\u00e4esolevate m\u00fc\u00fcgitingimustega ja n\u00f5ustub nendega. M\u00fc\u00fcja &nbsp;omapoolsest n\u00f5ustumisest Ostjat eraldi ei teavita. M\u00fc\u00fcja [&hellip;]<\/p>\n","protected":false},"author":1,"featured_media":0,"parent":0,"menu_order":0,"comment_status":"closed","ping_status":"closed","template":"","meta":{"_acf_changed":false,"_monsterinsights_skip_tracking":false,"_monsterinsights_sitenote_active":false,"_monsterinsights_sitenote_note":"","_monsterinsights_sitenote_category":0,"footnotes":""},"class_list":["post-468676","page","type-page","status-publish","hentry"],"acf":[],"yoast_head":"<!-- This site is optimized with the Yoast SEO plugin v25.3.1 - https:\/\/yoast.com\/wordpress\/plugins\/seo\/ -->\n<title>M\u00fc\u00fcgitingimused - Baltic Brew<\/title>\n<meta name=\"robots\" content=\"index, follow, max-snippet:-1, max-image-preview:large, max-video-preview:-1\" \/>\n<link rel=\"canonical\" href=\"https:\/\/www.balticbrew.com\/en\/myygitingimused\/\" \/>\n<meta property=\"og:locale\" content=\"en_US\" \/>\n<meta property=\"og:type\" content=\"article\" \/>\n<meta property=\"og:title\" content=\"M\u00fc\u00fcgitingimused - Baltic Brew\" \/>\n<meta property=\"og:description\" content=\"M\u00fc\u00fcgitingimused 1. \u00dcldtingimused 1.1. K\u00e4esolevad M\u00fc\u00fcgitingimused kehtivad Pruulikeskus O\u00dc-le (edaspidi \u201eM\u00fc\u00fcja\u201c) kuuluvast balticbrew.com e-poest (edaspidi \u201eInternetikeskkond\u201c) tehtud tellimustele, millega s\u00f5lmitakse m\u00fc\u00fcgitehing M\u00fc\u00fcja ja kaupa telliva isiku (edaspidi \u201eOstja\u201c) vahel. 2. M\u00fc\u00fcgitehingu j\u00f5ustumine 2.1. Internetikeskkonnast tellimuse vormistamisega kinnitab Ostja, et ta on tutvunud k\u00e4esolevate m\u00fc\u00fcgitingimustega ja n\u00f5ustub nendega. M\u00fc\u00fcja &nbsp;omapoolsest n\u00f5ustumisest Ostjat eraldi ei teavita. M\u00fc\u00fcja [&hellip;]\" \/>\n<meta property=\"og:url\" content=\"https:\/\/www.balticbrew.com\/en\/myygitingimused\/\" \/>\n<meta property=\"og:site_name\" content=\"Baltic Brew\" \/>\n<meta property=\"article:publisher\" content=\"https:\/\/www.facebook.com\/Pruulikeskus\" \/>\n<meta property=\"article:modified_time\" content=\"2023-11-17T06:45:47+00:00\" \/>\n<meta name=\"twitter:card\" content=\"summary_large_image\" \/>\n<meta name=\"twitter:label1\" content=\"Est. reading time\" \/>\n\t<meta name=\"twitter:data1\" content=\"6 minutes\" \/>\n<script type=\"application\/ld+json\" class=\"yoast-schema-graph\">{\"@context\":\"https:\/\/schema.org\",\"@graph\":[{\"@type\":\"WebPage\",\"@id\":\"https:\/\/www.balticbrew.com\/en\/myygitingimused\/\",\"url\":\"https:\/\/www.balticbrew.com\/en\/myygitingimused\/\",\"name\":\"M\u00fc\u00fcgitingimused - Baltic Brew\",\"isPartOf\":{\"@id\":\"https:\/\/www.balticbrew.com\/en\/#website\"},\"datePublished\":\"2018-11-08T19:22:37+00:00\",\"dateModified\":\"2023-11-17T06:45:47+00:00\",\"breadcrumb\":{\"@id\":\"https:\/\/www.balticbrew.com\/en\/myygitingimused\/#breadcrumb\"},\"inLanguage\":\"en-US\",\"potentialAction\":[{\"@type\":\"ReadAction\",\"target\":[\"https:\/\/www.balticbrew.com\/en\/myygitingimused\/\"]}]},{\"@type\":\"BreadcrumbList\",\"@id\":\"https:\/\/www.balticbrew.com\/en\/myygitingimused\/#breadcrumb\",\"itemListElement\":[{\"@type\":\"ListItem\",\"position\":1,\"name\":\"\",\"item\":\"https:\/\/www.balticbrew.com\/en\/?lang=en\"},{\"@type\":\"ListItem\",\"position\":2,\"name\":\"Terms & conditions\"}]},{\"@type\":\"WebSite\",\"@id\":\"https:\/\/www.balticbrew.com\/en\/#website\",\"url\":\"https:\/\/www.balticbrew.com\/en\/\",\"name\":\"Baltic Brew\",\"description\":\"\",\"potentialAction\":[{\"@type\":\"SearchAction\",\"target\":{\"@type\":\"EntryPoint\",\"urlTemplate\":\"https:\/\/www.balticbrew.com\/en\/?s={search_term_string}\"},\"query-input\":{\"@type\":\"PropertyValueSpecification\",\"valueRequired\":true,\"valueName\":\"search_term_string\"}}],\"inLanguage\":\"en-US\"}]}<\/script>\n<!-- \/ Yoast SEO plugin. -->","yoast_head_json":{"title":"M\u00fc\u00fcgitingimused - Baltic Brew","robots":{"index":"index","follow":"follow","max-snippet":"max-snippet:-1","max-image-preview":"max-image-preview:large","max-video-preview":"max-video-preview:-1"},"canonical":"https:\/\/www.balticbrew.com\/en\/myygitingimused\/","og_locale":"en_US","og_type":"article","og_title":"M\u00fc\u00fcgitingimused - Baltic Brew","og_description":"M\u00fc\u00fcgitingimused 1. \u00dcldtingimused 1.1. K\u00e4esolevad M\u00fc\u00fcgitingimused kehtivad Pruulikeskus O\u00dc-le (edaspidi \u201eM\u00fc\u00fcja\u201c) kuuluvast balticbrew.com e-poest (edaspidi \u201eInternetikeskkond\u201c) tehtud tellimustele, millega s\u00f5lmitakse m\u00fc\u00fcgitehing M\u00fc\u00fcja ja kaupa telliva isiku (edaspidi \u201eOstja\u201c) vahel. 2. M\u00fc\u00fcgitehingu j\u00f5ustumine 2.1. Internetikeskkonnast tellimuse vormistamisega kinnitab Ostja, et ta on tutvunud k\u00e4esolevate m\u00fc\u00fcgitingimustega ja n\u00f5ustub nendega. M\u00fc\u00fcja &nbsp;omapoolsest n\u00f5ustumisest Ostjat eraldi ei teavita. M\u00fc\u00fcja [&hellip;]","og_url":"https:\/\/www.balticbrew.com\/en\/myygitingimused\/","og_site_name":"Baltic Brew","article_publisher":"https:\/\/www.facebook.com\/Pruulikeskus","article_modified_time":"2023-11-17T06:45:47+00:00","twitter_card":"summary_large_image","twitter_misc":{"Est. reading time":"6 minutes"},"schema":{"@context":"https:\/\/schema.org","@graph":[{"@type":"WebPage","@id":"https:\/\/www.balticbrew.com\/en\/myygitingimused\/","url":"https:\/\/www.balticbrew.com\/en\/myygitingimused\/","name":"M\u00fc\u00fcgitingimused - Baltic Brew","isPartOf":{"@id":"https:\/\/www.balticbrew.com\/en\/#website"},"datePublished":"2018-11-08T19:22:37+00:00","dateModified":"2023-11-17T06:45:47+00:00","breadcrumb":{"@id":"https:\/\/www.balticbrew.com\/en\/myygitingimused\/#breadcrumb"},"inLanguage":"en-US","potentialAction":[{"@type":"ReadAction","target":["https:\/\/www.balticbrew.com\/en\/myygitingimused\/"]}]},{"@type":"BreadcrumbList","@id":"https:\/\/www.balticbrew.com\/en\/myygitingimused\/#breadcrumb","itemListElement":[{"@type":"ListItem","position":1,"name":"","item":"https:\/\/www.balticbrew.com\/en\/?lang=en"},{"@type":"ListItem","position":2,"name":"Terms & conditions"}]},{"@type":"WebSite","@id":"https:\/\/www.balticbrew.com\/en\/#website","url":"https:\/\/www.balticbrew.com\/en\/","name":"Baltic Brew","description":"","potentialAction":[{"@type":"SearchAction","target":{"@type":"EntryPoint","urlTemplate":"https:\/\/www.balticbrew.com\/en\/?s={search_term_string}"},"query-input":{"@type":"PropertyValueSpecification","valueRequired":true,"valueName":"search_term_string"}}],"inLanguage":"en-US"}]}},"_links":{"self":[{"href":"https:\/\/www.balticbrew.com\/en\/wp-json\/wp\/v2\/pages\/468676"}],"collection":[{"href":"https:\/\/www.balticbrew.com\/en\/wp-json\/wp\/v2\/pages"}],"about":[{"href":"https:\/\/www.balticbrew.com\/en\/wp-json\/wp\/v2\/types\/page"}],"author":[{"embeddable":true,"href":"https:\/\/www.balticbrew.com\/en\/wp-json\/wp\/v2\/users\/1"}],"replies":[{"embeddable":true,"href":"https:\/\/www.balticbrew.com\/en\/wp-json\/wp\/v2\/comments?post=468676"}],"version-history":[{"count":7,"href":"https:\/\/www.balticbrew.com\/en\/wp-json\/wp\/v2\/pages\/468676\/revisions"}],"predecessor-version":[{"id":7116869,"href":"https:\/\/www.balticbrew.com\/en\/wp-json\/wp\/v2\/pages\/468676\/revisions\/7116869"}],"wp:attachment":[{"href":"https:\/\/www.balticbrew.com\/en\/wp-json\/wp\/v2\/media?parent=468676"}],"curies":[{"name":"wp","href":"https:\/\/api.w.org\/{rel}","templated":true}]}}